{"id":154,"date":"2024-01-25T15:58:31","date_gmt":"2024-01-25T15:58:31","guid":{"rendered":"https:\/\/galpondecartas.com.ar\/?page_id=154"},"modified":"2024-06-21T19:49:00","modified_gmt":"2024-06-21T19:49:00","slug":"historia","status":"publish","type":"page","link":"https:\/\/galpondecartas.com.ar\/index.php\/historia\/","title":{"rendered":"Historia"},"content":{"rendered":"\t\t<div data-elementor-type=\"wp-page\" data-elementor-id=\"154\" class=\"elementor elementor-154\" data-elementor-post-type=\"page\">\n\t\t\t\t<div class=\"elementor-element elementor-element-58a02e8 e-flex e-con-boxed e-con e-parent\" data-id=\"58a02e8\" data-element_type=\"container\">\n\t\t\t\t\t<div class=\"e-con-inner\">\n\t\t\t\t<div class=\"elementor-element elementor-element-ceb1ab2 elementor-widget elementor-widget-heading\" data-id=\"ceb1ab2\" data-element_type=\"widget\" data-widget_type=\"heading.default\">\n\t\t\t\t\t<h2 class=\"elementor-heading-title elementor-size-default\">Nuestra historia<\/h2>\t\t\t\t<\/div>\n\t\t\t\t<div class=\"elementor-element elementor-element-dbec296 elementor-widget elementor-widget-image\" data-id=\"dbec296\" data-element_type=\"widget\" data-widget_type=\"image.default\">\n\t\t\t\t\t\t\t\t\t\t\t\t\t\t\t<img fetchpriority=\"high\" decoding=\"async\" width=\"1280\" height=\"853\" src=\"https:\/\/galpondecartas.com.ar\/wp-content\/uploads\/2023\/12\/01.webp\" class=\"attachment-full size-full wp-image-109\" alt=\"Departamentos\" srcset=\"https:\/\/galpondecartas.com.ar\/wp-content\/uploads\/2023\/12\/01.webp 1280w, https:\/\/galpondecartas.com.ar\/wp-content\/uploads\/2023\/12\/01-300x200.webp 300w, https:\/\/galpondecartas.com.ar\/wp-content\/uploads\/2023\/12\/01-1024x682.webp 1024w, https:\/\/galpondecartas.com.ar\/wp-content\/uploads\/2023\/12\/01-768x512.webp 768w, https:\/\/galpondecartas.com.ar\/wp-content\/uploads\/2023\/12\/01-200x133.webp 200w\" sizes=\"(max-width: 1280px) 100vw, 1280px\" \/>\t\t\t\t\t\t\t\t\t\t\t\t\t\t\t<\/div>\n\t\t\t\t<div class=\"elementor-element elementor-element-0cad3be elementor-widget elementor-widget-spacer\" data-id=\"0cad3be\" data-element_type=\"widget\" data-widget_type=\"spacer.default\">\n\t\t\t\t\t\t\t<div class=\"elementor-spacer\">\n\t\t\t<div class=\"elementor-spacer-inner\"><\/div>\n\t\t<\/div>\n\t\t\t\t\t\t<\/div>\n\t\t\t\t<div class=\"elementor-element elementor-element-0d3eca0 elementor-widget elementor-widget-heading\" data-id=\"0d3eca0\" data-element_type=\"widget\" data-widget_type=\"heading.default\">\n\t\t\t\t\t<h4 class=\"elementor-heading-title elementor-size-default\">El Origen del nombre<\/h4>\t\t\t\t<\/div>\n\t\t\t\t<div class=\"elementor-element elementor-element-0f3dcc4 elementor-widget elementor-widget-text-editor\" data-id=\"0f3dcc4\" data-element_type=\"widget\" data-widget_type=\"text-editor.default\">\n\t\t\t\t\t\t\t\t\t<p>Hace muchos a\u00f1os esta propiedad era un galp\u00f3n para almacenar cueros de liebres y lanas. Su propietario era Don Ricardo Cartas, un empresario que fabricaba pul\u00f3veres y sombreros con el pelo que obten\u00eda de los cueros de liebres que se acopiaban en su galp\u00f3n de Tapalqu\u00e9. Su principal proveedor de cueros de liebres era Ra\u00fal Paid\u00f3n. El Sr. Cartas y el Sr. Paid\u00f3n enlazaron una linda amistad. Con los a\u00f1os, el Sr Paid\u00f3n le compro la propiedad del galp\u00f3n al Sr. Cartas. De ah\u00ed en adelante, para la familia Paid\u00f3n y las personas que trabajaban con \u00e9l, esta propiedad fue llamada \u201cel galp\u00f3n de Cartas\u201d. Pasaron m\u00e1s de 30 a\u00f1os y la familia de Paid\u00f3n decidi\u00f3 hacer e emprendimiento de los departamentos. Cuando eligieron el nombre para el lugar, no hubo dudas, siempre fue y ser\u00e1 \u201cEL GALPON DE CARTAS\u201d<br><br>El v\u00ednculo comercial con el Sr. Cartas hab\u00eda concluido muchos a\u00f1os atr\u00e1s, pero un d\u00eda, ya muy viejito, don Ricardo, como le llam\u00e1bamos, vino de visita y compr\u00f3 la producci\u00f3n de cueros de liebres de ese a\u00f1o. Pocos d\u00edas despu\u00e9s falleci\u00f3. Indudablemente hab\u00eda venido a despedirse de sus viejos amigos. Para nosotros fue muy lindo y emotivo ese \u00faltimo encuentro.<br><br>Creemos que su esp\u00edritu amigable y emprendedor es lo que nos identifica, otro buen motivo para que este lugar, muchas veces de encuentro de familias y amigos, siga llevando su nombre.<\/p>\t\t\t\t\t\t\t\t<\/div>\n\t\t\t\t\t<\/div>\n\t\t\t\t<\/div>\n\t\t\t\t<\/div>\n\t\t","protected":false},"excerpt":{"rendered":"<p>Nuestra historia El Origen del nombre Hace muchos a\u00f1os esta propiedad era un galp\u00f3n para almacenar cueros de liebres y lanas. Su propietario era Don Ricardo Cartas, un empresario que fabricaba pul\u00f3veres y sombreros con el pelo que obten\u00eda de los cueros de liebres que se acopiaban en su galp\u00f3n de Tapalqu\u00e9. Su principal proveedor [&hellip;]<\/p>\n","protected":false},"author":1,"featured_media":0,"parent":0,"menu_order":0,"comment_status":"closed","ping_status":"closed","template":"","meta":{"inline_featured_image":false,"site-sidebar-layout":"no-sidebar","site-content-layout":"","ast-site-content-layout":"full-width-container","site-content-style":"default","site-sidebar-style":"default","ast-global-header-display":"","ast-banner-title-visibility":"","ast-main-header-display":"","ast-hfb-above-header-display":"","ast-hfb-below-header-display":"","ast-hfb-mobile-header-display":"","site-post-title":"disabled","ast-breadcrumbs-content":"","ast-featured-img":"disabled","footer-sml-layout":"","ast-disable-related-posts":"","theme-transparent-header-meta":"","adv-header-id-meta":"","stick-header-meta":"","header-above-stick-meta":"","header-main-stick-meta":"","header-below-stick-meta":"","astra-migrate-meta-layouts":"default","ast-page-background-enabled":"default","ast-page-background-meta":{"desktop":{"background-color":"var(--ast-global-color-4)","background-image":"","background-repeat":"repeat","background-position":"center center","background-size":"auto","background-attachment":"scroll","background-type":"","background-media":"","overlay-type":"","overlay-color":"","overlay-opacity":"","overlay-gradient":""},"tablet":{"background-color":"","background-image":"","background-repeat":"repeat","background-position":"center center","background-size":"auto","background-attachment":"scroll","background-type":"","background-media":"","overlay-type":"","overlay-color":"","overlay-opacity":"","overlay-gradient":""},"mobile":{"background-color":"","background-image":"","background-repeat":"repeat","background-position":"center center","background-size":"auto","background-attachment":"scroll","background-type":"","background-media":"","overlay-type":"","overlay-color":"","overlay-opacity":"","overlay-gradient":""}},"ast-content-background-meta":{"desktop":{"background-color":"var(--ast-global-color-5)","background-image":"","background-repeat":"repeat","background-position":"center center","background-size":"auto","background-attachment":"scroll","background-type":"","background-media":"","overlay-type":"","overlay-color":"","overlay-opacity":"","overlay-gradient":""},"tablet":{"background-color":"var(--ast-global-color-5)","background-image":"","background-repeat":"repeat","background-position":"center center","background-size":"auto","background-attachment":"scroll","background-type":"","background-media":"","overlay-type":"","overlay-color":"","overlay-opacity":"","overlay-gradient":""},"mobile":{"background-color":"var(--ast-global-color-5)","background-image":"","background-repeat":"repeat","background-position":"center center","background-size":"auto","background-attachment":"scroll","background-type":"","background-media":"","overlay-type":"","overlay-color":"","overlay-opacity":"","overlay-gradient":""}},"_joinchat":[],"footnotes":""},"class_list":["post-154","page","type-page","status-publish","hentry"],"_links":{"self":[{"href":"https:\/\/galpondecartas.com.ar\/index.php\/wp-json\/wp\/v2\/pages\/154","targetHints":{"allow":["GET"]}}],"collection":[{"href":"https:\/\/galpondecartas.com.ar\/index.php\/wp-json\/wp\/v2\/pages"}],"about":[{"href":"https:\/\/galpondecartas.com.ar\/index.php\/wp-json\/wp\/v2\/types\/page"}],"author":[{"embeddable":true,"href":"https:\/\/galpondecartas.com.ar\/index.php\/wp-json\/wp\/v2\/users\/1"}],"replies":[{"embeddable":true,"href":"https:\/\/galpondecartas.com.ar\/index.php\/wp-json\/wp\/v2\/comments?post=154"}],"version-history":[{"count":9,"href":"https:\/\/galpondecartas.com.ar\/index.php\/wp-json\/wp\/v2\/pages\/154\/revisions"}],"predecessor-version":[{"id":255,"href":"https:\/\/galpondecartas.com.ar\/index.php\/wp-json\/wp\/v2\/pages\/154\/revisions\/255"}],"wp:attachment":[{"href":"https:\/\/galpondecartas.com.ar\/index.php\/wp-json\/wp\/v2\/media?parent=154"}],"curies":[{"name":"wp","href":"https:\/\/api.w.org\/{rel}","templated":true}]}}